{"id":954,"date":"2023-05-16T10:42:43","date_gmt":"2023-05-16T14:42:43","guid":{"rendered":"https:\/\/cleanfastplagas.cl\/control-de-plagas\/mi-cuenta\/"},"modified":"2023-05-17T12:33:07","modified_gmt":"2023-05-17T16:33:07","slug":"mi-cuenta","status":"publish","type":"page","link":"https:\/\/cleanfastplagas.cl\/control-de-plagas\/mi-cuenta\/","title":{"rendered":"Mi cuenta"},"content":{"rendered":"<style>.wp-block-kadence-advancedheading.kt-adv-heading_41ee5f-26, .wp-block-kadence-advancedheading.kt-adv-heading_41ee5f-26[data-kb-block=\"kb-adv-heading_41ee5f-26\"]{font-style:normal;}.wp-block-kadence-advancedheading.kt-adv-heading_41ee5f-26 mark.kt-highlight, .wp-block-kadence-advancedheading.kt-adv-heading_41ee5f-26[data-kb-block=\"kb-adv-heading_41ee5f-26\"] mark.kt-highlight{font-style:normal;color:#f76a0c;-webkit-box-decoration-break:clone;box-decoration-break:clone;padding-top:0px;padding-right:0px;padding-bottom:0px;padding-left:0px;}.wp-block-kadence-advancedheading.kt-adv-heading_41ee5f-26 img.kb-inline-image, .wp-block-kadence-advancedheading.kt-adv-heading_41ee5f-26[data-kb-block=\"kb-adv-heading_41ee5f-26\"] img.kb-inline-image{width:150px;vertical-align:baseline;}<\/style>\n<h2 class=\"kt-adv-heading_41ee5f-26 wp-block-kadence-advancedheading has-theme-palette-1-color has-text-color\" data-kb-block=\"kb-adv-heading_41ee5f-26\"><strong>AREA CLIENTE CLEAN FAST PLAGAS<\/strong><\/h2>\n\n\n\n<p>Desde aqu\u00ed, podr\u00e1s acceder a tus informes y servicios con nosotros. Para dudas o consultas, ll\u00e1manos al <a href=\"tel:+56978797538\">(56) 9 7879 7538<\/a><\/p>\n\n\n<style>.kb-row-layout-id_f136f0-ea > .kt-row-column-wrap{align-content:center;}:where(.kb-row-layout-id_f136f0-ea > .kt-row-column-wrap) > .wp-block-kadence-column{justify-content:center;}.kb-row-layout-id_f136f0-ea > .kt-row-column-wrap{column-gap:var(--global-kb-gap-md, 2rem);row-gap:var(--global-kb-gap-md, 2rem);max-width:var( --global-content-width, 1290px );padding-left:var(--global-content-edge-padding);padding-right:var(--global-content-edge-padding);padding-top:var(--global-kb-spacing-sm, 1.5rem);padding-bottom:var(--global-kb-spacing-sm, 1.5rem);grid-template-columns:minmax(0, 1fr);}.kb-row-layout-id_f136f0-ea > .kt-row-layout-overlay{opacity:0.30;}@media all and (max-width: 1024px){.kb-row-layout-id_f136f0-ea > .kt-row-column-wrap{grid-template-columns:minmax(0, 1fr);}}@media all and (max-width: 767px){.kb-row-layout-id_f136f0-ea > .kt-row-column-wrap{grid-template-columns:minmax(0, 1fr);}}<\/style><div class=\"kb-row-layout-wrap kb-row-layout-id_f136f0-ea alignnone has-theme-palette8-background-color kt-row-has-bg wp-block-kadence-rowlayout\"><div class=\"kt-row-column-wrap kt-has-1-columns kt-row-layout-equal kt-tab-layout-inherit kt-mobile-layout-row kt-row-valign-middle kb-theme-content-width\">\n<style>.kadence-column_c1819a-fe > .kt-inside-inner-col,.kadence-column_c1819a-fe > .kt-inside-inner-col:before{border-top-left-radius:0px;border-top-right-radius:0px;border-bottom-right-radius:0px;border-bottom-left-radius:0px;}.kadence-column_c1819a-fe > .kt-inside-inner-col{column-gap:var(--global-kb-gap-sm, 1rem);}.kadence-column_c1819a-fe > .kt-inside-inner-col{flex-direction:column;}.kadence-column_c1819a-fe > .kt-inside-inner-col > .aligncenter{width:100%;}.kadence-column_c1819a-fe > .kt-inside-inner-col:before{opacity:0.3;}.kadence-column_c1819a-fe{position:relative;}@media all and (max-width: 1024px){.kadence-column_c1819a-fe > .kt-inside-inner-col{flex-direction:column;justify-content:center;}}@media all and (max-width: 767px){.kadence-column_c1819a-fe > .kt-inside-inner-col{flex-direction:column;justify-content:center;}}<\/style>\n<div class=\"wp-block-kadence-column kadence-column_c1819a-fe\"><div class=\"kt-inside-inner-col\"><div class=\"woocommerce\"><\/div>\n<\/div><\/div>\n\n<\/div><\/div>\n\n\n<p><\/p>\n","protected":false},"excerpt":{"rendered":"<p>AREA CLIENTE CLEAN FAST PLAGAS Desde aqu\u00ed, podr\u00e1s acceder a tus informes y servicios con nosotros. Para dudas o consultas, ll\u00e1manos al (56) 9 7879 7538<\/p>\n","protected":false},"author":1,"featured_media":0,"parent":0,"menu_order":0,"comment_status":"closed","ping_status":"closed","template":"","meta":{"_kad_blocks_custom_css":"","_kad_blocks_head_custom_js":"","_kad_blocks_body_custom_js":"","_kad_blocks_footer_custom_js":"","_kad_post_transparent":"","_kad_post_title":"","_kad_post_layout":"","_kad_post_sidebar_id":"","_kad_post_content_style":"","_kad_post_vertical_padding":"top","_kad_post_feature":"","_kad_post_feature_position":"","_kad_post_header":false,"_kad_post_footer":false,"_kad_post_classname":"","footnotes":""},"class_list":["post-954","page","type-page","status-publish","hentry"],"taxonomy_info":[],"featured_image_src_large":false,"author_info":{"display_name":"CFP-Admin","author_link":"https:\/\/cleanfastplagas.cl\/control-de-plagas\/author\/cfp-admin\/"},"comment_info":0,"_links":{"self":[{"href":"https:\/\/cleanfastplagas.cl\/control-de-plagas\/wp-json\/wp\/v2\/pages\/954","targetHints":{"allow":["GET"]}}],"collection":[{"href":"https:\/\/cleanfastplagas.cl\/control-de-plagas\/wp-json\/wp\/v2\/pages"}],"about":[{"href":"https:\/\/cleanfastplagas.cl\/control-de-plagas\/wp-json\/wp\/v2\/types\/page"}],"author":[{"embeddable":true,"href":"https:\/\/cleanfastplagas.cl\/control-de-plagas\/wp-json\/wp\/v2\/users\/1"}],"replies":[{"embeddable":true,"href":"https:\/\/cleanfastplagas.cl\/control-de-plagas\/wp-json\/wp\/v2\/comments?post=954"}],"version-history":[{"count":7,"href":"https:\/\/cleanfastplagas.cl\/control-de-plagas\/wp-json\/wp\/v2\/pages\/954\/revisions"}],"predecessor-version":[{"id":2644,"href":"https:\/\/cleanfastplagas.cl\/control-de-plagas\/wp-json\/wp\/v2\/pages\/954\/revisions\/2644"}],"wp:attachment":[{"href":"https:\/\/cleanfastplagas.cl\/control-de-plagas\/wp-json\/wp\/v2\/media?parent=954"}],"curies":[{"name":"wp","href":"https:\/\/api.w.org\/{rel}","templated":true}]}}